{"id":1074,"date":"2025-02-11T12:05:36","date_gmt":"2025-02-11T12:05:36","guid":{"rendered":"https:\/\/wanbuilding.hu\/?page_id=1074"},"modified":"2025-02-17T23:34:07","modified_gmt":"2025-02-17T23:34:07","slug":"adatkezelesi-tajekoztato","status":"publish","type":"page","link":"https:\/\/wanbuilding.hu\/en\/adatkezelesi-tajekoztato\/","title":{"rendered":"Privacy policy"},"content":{"rendered":"<div data-elementor-type=\"wp-page\" data-elementor-id=\"1074\" class=\"elementor elementor-1074\">\n\t\t\t\t<div class=\"elementor-element elementor-element-5f8b7349 e-flex e-con-boxed e-con e-parent\" data-id=\"5f8b7349\" data-element_type=\"container\">\n\t\t\t\t\t<div class=\"e-con-inner\">\n\t\t\t\t<div class=\"elementor-element elementor-element-550492ab elementor-widget elementor-widget-text-editor\" data-id=\"550492ab\" data-element_type=\"widget\" data-widget_type=\"text-editor.default\">\n\t\t\t\t<div class=\"elementor-widget-container\">\n\t\t\t\t\t\t\t\t\t\n<p class=\"wp-block-heading\"><strong>Hat\u00e1lyos: 2025.02.09<\/strong><\/p>\n<h3 class=\"wp-block-heading\">Bevezet\u00e9s<\/h3>\n\n<p data-pm-slice=\"1 1 []\">A jelen Adatkezel\u00e9si T\u00e1j\u00e9koztat\u00f3 r\u00e9szletezi, hogyan kezelj\u00fck a weboldalon kereszt\u00fcl megadott szem\u00e9lyes adatokat.<\/p>\n\n<h3 class=\"wp-block-heading\">Adatkezel\u0151<\/h3>\n\n<ul data-spread=\"false\" data-pm-slice=\"3 3 []\">\n<li>\n<p>C\u00e9gn\u00e9v: Wanbuilding Kft.<\/p>\n<\/li>\n<li>\n<p>Sz\u00e9khely: 1068 Budapest, Kir\u00e1ly utca 80. fszt. 11.\u00a0<\/p>\n<\/li>\n<li>\n<p>E-mail: info@wanbuilding.hu<\/p>\n<\/li>\n<\/ul>\n\n<h3 class=\"wp-block-heading\">Kezelt Adatok k\u00f6re<\/h3>\n\n<p>A weboldalon kereszt\u00fcl aj\u00e1nlatk\u00e9r\u00e9s c\u00e9lj\u00e1b\u00f3l az al\u00e1bbi szem\u00e9lyes adatokat k\u00e9rj\u00fck megadni:<\/p>\n<ul data-spread=\"false\">\n<li>\n<p>N\u00e9v<\/p>\n<\/li>\n<li>\n<p>Telefonsz\u00e1m<\/p>\n<\/li>\n<li>\n<p>E-mail c\u00edm<\/p>\n<\/li>\n<li>\n<p>Az aj\u00e1nlatk\u00e9r\u00e9s t\u00e1rgya<\/p>\n<\/li>\n<\/ul>\n<p data-pm-slice=\"1 3 []\">Tov\u00e1bb\u00e1, a weboldal l\u00e1togat\u00e1sa sor\u00e1n a k\u00f6vetkez\u0151 adatok gy\u0171jthet\u0151ek a felhaszn\u00e1l\u00f3 beleegyez\u00e9se eset\u00e9n:<\/p>\n<ul data-spread=\"false\">\n<li>\n<p>IP-c\u00edm<\/p>\n<\/li>\n<li>\n<p>B\u00f6ng\u00e9sz\u0151 t\u00edpusa \u00e9s verzi\u00f3ja<\/p>\n<\/li>\n<li>\n<p>Oper\u00e1ci\u00f3s rendszer<\/p>\n<\/li>\n<li>\n<p>L\u00e1togat\u00e1s id\u0151pontja \u00e9s hossza<\/p>\n<\/li>\n<li>\n<p>Hivatkoz\u00f3 oldalak<\/p>\n<\/li>\n<\/ul>\n\n<h3 class=\"wp-block-heading\">Az adatkezel\u00e9s c\u00e9lja<\/h3>\n<h2 class=\"wp-block-heading\"><\/h2>\n<p data-pm-slice=\"1 1 []\">Az adatkezel\u00e9s c\u00e9lja az aj\u00e1nlatk\u00e9r\u00e9sek feldolgoz\u00e1sa \u00e9s a l\u00e1togat\u00f3kkal val\u00f3 kapcsolattart\u00e1s, valamint a weboldal m\u0171k\u00f6d\u00e9s\u00e9nek elemz\u00e9se \u00e9s fejleszt\u00e9se.<\/p>\n<h3 class=\"wp-block-heading\">Az adatok t\u00e1rol\u00e1s\u00e1nak id\u0151tartama<\/h3>\n\n<p data-pm-slice=\"1 1 []\">A megadott adatokat az aj\u00e1nlatk\u00e9r\u00e9sek feldolgoz\u00e1s\u00e1nak befejez\u00e9s\u00e9t k\u00f6vet\u0151en legfeljebb 3 h\u00f3napig\u00a0 t\u00e1roljuk, majd t\u00f6r\u00f6lj\u00fck. A technikai \u00e9s l\u00e1togatotts\u00e1gi adatokat anonim m\u00f3don, statisztikai c\u00e9lb\u00f3l hosszabb ideig t\u00e1rolhatjuk.<\/p>\n\n<h3 class=\"wp-block-heading\">Adattov\u00e1b\u00edt\u00e1s<\/h3>\n\n<p data-pm-slice=\"1 1 []\">A megadott szem\u00e9lyes adatokat harmadik f\u00e9l r\u00e9sz\u00e9re nem adjuk \u00e1t, kiv\u00e9ve, ha azt jogszab\u00e1ly \u00edrja el\u0151.<\/p>\n<h3 data-pm-slice=\"1 1 []\">S\u00fctik<\/h3>\n<p data-pm-slice=\"1 1 []\">A weboldal s\u00fctiket (cookie-kat) haszn\u00e1l a felhaszn\u00e1l\u00f3i \u00e9lm\u00e9ny jav\u00edt\u00e1sa \u00e9s a l\u00e1togatotts\u00e1g elemz\u00e9se c\u00e9lj\u00e1b\u00f3l. Az al\u00e1bbi s\u00fctiket haszn\u00e1ljuk:<\/p>\n<ul data-spread=\"false\">\n<li>\n<p><strong>Funkcion\u00e1lis s\u00fctik<\/strong>: A weboldal megfelel\u0151 m\u0171k\u00f6d\u00e9s\u00e9hez sz\u00fcks\u00e9gesek, p\u00e9ld\u00e1ul be\u00e1ll\u00edt\u00e1sok ment\u00e9se.<\/p>\n<\/li>\n<li>\n<p><strong>Analitikai s\u00fctik<\/strong>: Google Analytics \u00e1ltal gy\u0171jt\u00f6tt adatok a l\u00e1togatotts\u00e1g elemz\u00e9s\u00e9hez.<\/p>\n<\/li>\n<li>\n<p><strong>Marketing s\u00fctik<\/strong>:\u00a0 Amelyek a remarketinget seg\u00edtik.<\/p>\n<\/li>\n<\/ul>\n<p>A s\u00fctikr\u0151l r\u00e9szletes inform\u00e1ci\u00f3 tal\u00e1lhat\u00f3 a <a href=\"https:\/\/wanbuilding.hu\/en\/cookie-policy-eu\/\"><strong>S\u00fctikezel\u00e9si t\u00e1j\u00e9koztat\u00f3ban<\/strong>.<\/a><\/p>\n<h3><\/h3>\n<h3 class=\"wp-block-heading\">Az \u00e9rintettek jogai<\/h3>\n\n<p>\u00d6nt az al\u00e1bbi jogok illetik meg szem\u00e9lyes adatai kezel\u00e9se kapcs\u00e1n:<\/p>\n<ul class=\"wp-block-list\">\n<li><strong>Hozz\u00e1f\u00e9r\u00e9s joga:<\/strong> t\u00e1j\u00e9koztat\u00e1st k\u00e9rhet arr\u00f3l, hogy milyen adatokat kezel\u00fcnk \u00d6nr\u0151l.<\/li>\n<li><strong>Helyesb\u00edt\u00e9s joga:<\/strong> k\u00e9rheti szem\u00e9lyes adatai pontos\u00edt\u00e1s\u00e1t vagy m\u00f3dos\u00edt\u00e1s\u00e1t.<\/li>\n<li><strong>T\u00f6rl\u00e9s joga:<\/strong> k\u00e9rheti szem\u00e9lyes adatai t\u00f6rl\u00e9s\u00e9t (\u201eelfeledtet\u00e9shez val\u00f3 jog\u201d).<\/li>\n<li><strong>Adatkezel\u00e9s korl\u00e1toz\u00e1s\u00e1nak joga.<\/strong><\/li>\n<li><strong>Adathordozhat\u00f3s\u00e1g joga:<\/strong> k\u00e9rheti szem\u00e9lyes adatai m\u00e1s adatkezel\u0151h\u00f6z val\u00f3 tov\u00e1bb\u00edt\u00e1s\u00e1t.<\/li>\n<li><strong>Tiltakoz\u00e1s joga:<\/strong> tiltakozhat szem\u00e9lyes adatainak kezel\u00e9se ellen, k\u00fcl\u00f6n\u00f6sen marketing c\u00e9lokra.<\/li>\n<\/ul>\n<p>Az eml\u00edtett jogok \u00e9rv\u00e9nyes\u00edt\u00e9s\u00e9re k\u00e9rj\u00fck, vegye fel vel\u00fcnk a kapcsolatot az info@wanbuilding.hu c\u00edmen.<\/p>\n\n<h3 class=\"wp-block-heading\">Panasz beny\u00fajt\u00e1sa<\/h3>\n\n<p>Amennyiben \u00fagy v\u00e9li, hogy jogai s\u00e9r\u00fcltek, panaszt ny\u00fajthat be a <strong>Nemzeti Adatv\u00e9delmi \u00e9s Inform\u00e1ci\u00f3szabads\u00e1g Hat\u00f3s\u00e1ghoz (NAIH):<\/strong><\/p>\n<ul class=\"wp-block-list\">\n<li><strong>C\u00edm:<\/strong> 1055 Budapest, Falk Miksa utca 9-11.<\/li>\n<li><strong>Telefon:<\/strong> +36 (1) 391-1400<\/li>\n<li><strong>E-mail:<\/strong> ugyfelszolgalat@naih.hu<\/li>\n<\/ul>\n\n<h3 class=\"wp-block-heading\">M\u00f3dos\u00edt\u00e1sok<\/h3>\n\n<p data-pm-slice=\"1 1 []\">A C\u00e9g fenntartja a jogot, hogy az Adatkezel\u00e9si T\u00e1j\u00e9koztat\u00f3t b\u00e1rmikor m\u00f3dos\u00edtsa. A friss\u00edtett verzi\u00f3 mindig el\u00e9rhet\u0151 a weboldalon.<br \/><br \/><\/p>\n<p class=\"wp-block-heading\">\u00a0<\/p>\n\t\t\t\t\t\t\t\t<\/div>\n\t\t\t\t<\/div>\n\t\t\t\t\t<\/div>\n\t\t\t\t<\/div>\n\t\t\t\t<\/div>","protected":false},"excerpt":{"rendered":"<p>Hat\u00e1lyos: 2025.02.09 Bevezet\u00e9s A jelen Adatkezel\u00e9si T\u00e1j\u00e9koztat\u00f3 r\u00e9szletezi, hogyan kezelj\u00fck a weboldalon kereszt\u00fcl megadott szem\u00e9lyes adatokat. Adatkezel\u0151 C\u00e9gn\u00e9v: Wanbuilding Kft. Sz\u00e9khely: 1068 Budapest, Kir\u00e1ly utca 80. fszt. 11.\u00a0 E-mail: info@wanbuilding.hu Kezelt Adatok k\u00f6re A weboldalon kereszt\u00fcl aj\u00e1nlatk\u00e9r\u00e9s c\u00e9lj\u00e1b\u00f3l az al\u00e1bbi szem\u00e9lyes adatokat k\u00e9rj\u00fck megadni: N\u00e9v Telefonsz\u00e1m E-mail c\u00edm Az aj\u00e1nlatk\u00e9r\u00e9s t\u00e1rgya Tov\u00e1bb\u00e1, a weboldal l\u00e1togat\u00e1sa [&hellip;]<\/p>","protected":false},"author":1,"featured_media":0,"parent":0,"menu_order":0,"comment_status":"closed","ping_status":"closed","template":"","meta":{"site-sidebar-layout":"default","site-content-layout":"","ast-site-content-layout":"","site-content-style":"default","site-sidebar-style":"default","ast-global-header-display":"","ast-banner-title-visibility":"","ast-main-header-display":"","ast-hfb-above-header-display":"","ast-hfb-below-header-display":"","ast-hfb-mobile-header-display":"","site-post-title":"","ast-breadcrumbs-content":"","ast-featured-img":"","footer-sml-layout":"","theme-transparent-header-meta":"","adv-header-id-meta":"","stick-header-meta":"","header-above-stick-meta":"","header-main-stick-meta":"","header-below-stick-meta":"","astra-migrate-meta-layouts":"default","ast-page-background-enabled":"default","ast-page-background-meta":{"desktop":{"background-color":"","background-image":"","background-repeat":"repeat","background-position":"center center","background-size":"auto","background-attachment":"scroll","background-type":"","background-media":"","overlay-type":"","overlay-color":"","overlay-opacity":"","overlay-gradient":""},"tablet":{"background-color":"","background-image":"","background-repeat":"repeat","background-position":"center center","background-size":"auto","background-attachment":"scroll","background-type":"","background-media":"","overlay-type":"","overlay-color":"","overlay-opacity":"","overlay-gradient":""},"mobile":{"background-color":"","background-image":"","background-repeat":"repeat","background-position":"center center","background-size":"auto","background-attachment":"scroll","background-type":"","background-media":"","overlay-type":"","overlay-color":"","overlay-opacity":"","overlay-gradient":""}},"ast-content-background-meta":{"desktop":{"background-color":"var(--ast-global-color-5)","background-image":"","background-repeat":"repeat","background-position":"center center","background-size":"auto","background-attachment":"scroll","background-type":"","background-media":"","overlay-type":"","overlay-color":"","overlay-opacity":"","overlay-gradient":""},"tablet":{"background-color":"var(--ast-global-color-5)","background-image":"","background-repeat":"repeat","background-position":"center center","background-size":"auto","background-attachment":"scroll","background-type":"","background-media":"","overlay-type":"","overlay-color":"","overlay-opacity":"","overlay-gradient":""},"mobile":{"background-color":"var(--ast-global-color-5)","background-image":"","background-repeat":"repeat","background-position":"center center","background-size":"auto","background-attachment":"scroll","background-type":"","background-media":"","overlay-type":"","overlay-color":"","overlay-opacity":"","overlay-gradient":""}},"footnotes":""},"class_list":["post-1074","page","type-page","status-publish","hentry"],"yoast_head":"<!-- This site is optimized with the Yoast SEO plugin v24.4 - https:\/\/yoast.com\/wordpress\/plugins\/seo\/ -->\n<title>Adatkezel\u00e9si t\u00e1j\u00e9koztat\u00f3 - WanBuilding Kft.<\/title>\n<meta name=\"description\" content=\"Wanbuilding Kft. - Let&#039;s Build The Future Together!\" \/>\n<meta name=\"robots\" content=\"index, follow, max-snippet:-1, max-image-preview:large, max-video-preview:-1\" \/>\n<link rel=\"canonical\" href=\"https:\/\/wanbuilding.hu\/en\/adatkezelesi-tajekoztato\/\" \/>\n<meta property=\"og:locale\" content=\"en_GB\" \/>\n<meta property=\"og:type\" content=\"article\" \/>\n<meta property=\"og:title\" content=\"Adatkezel\u00e9si t\u00e1j\u00e9koztat\u00f3 - WanBuilding Kft.\" \/>\n<meta property=\"og:description\" content=\"Wanbuilding Kft. - Let&#039;s Build The Future Together!\" \/>\n<meta property=\"og:url\" content=\"https:\/\/wanbuilding.hu\/en\/adatkezelesi-tajekoztato\/\" \/>\n<meta property=\"og:site_name\" content=\"WanBuilding Kft.\" \/>\n<meta property=\"article:publisher\" content=\"https:\/\/www.facebook.com\/wanbaukft\" \/>\n<meta property=\"article:modified_time\" content=\"2025-02-17T23:34:07+00:00\" \/>\n<meta name=\"twitter:card\" content=\"summary_large_image\" \/>\n<meta name=\"twitter:label1\" content=\"Estimated reading time\" \/>\n\t<meta name=\"twitter:data1\" content=\"2 minutes\" \/>\n<script type=\"application\/ld+json\" class=\"yoast-schema-graph\">{\"@context\":\"https:\/\/schema.org\",\"@graph\":[{\"@type\":\"WebPage\",\"@id\":\"https:\/\/wanbuilding.hu\/adatkezelesi-tajekoztato\/\",\"url\":\"https:\/\/wanbuilding.hu\/adatkezelesi-tajekoztato\/\",\"name\":\"Adatkezel\u00e9si t\u00e1j\u00e9koztat\u00f3 - WanBuilding Kft.\",\"isPartOf\":{\"@id\":\"https:\/\/wanbuilding.hu\/#website\"},\"datePublished\":\"2025-02-11T12:05:36+00:00\",\"dateModified\":\"2025-02-17T23:34:07+00:00\",\"description\":\"Wanbuilding Kft. - Let's Build The Future Together!\",\"breadcrumb\":{\"@id\":\"https:\/\/wanbuilding.hu\/adatkezelesi-tajekoztato\/#breadcrumb\"},\"inLanguage\":\"en-GB\",\"potentialAction\":[{\"@type\":\"ReadAction\",\"target\":[\"https:\/\/wanbuilding.hu\/adatkezelesi-tajekoztato\/\"]}]},{\"@type\":\"BreadcrumbList\",\"@id\":\"https:\/\/wanbuilding.hu\/adatkezelesi-tajekoztato\/#breadcrumb\",\"itemListElement\":[{\"@type\":\"ListItem\",\"position\":1,\"name\":\"Kezd\u0151lap\",\"item\":\"https:\/\/wanbuilding.hu\/\"},{\"@type\":\"ListItem\",\"position\":2,\"name\":\"Adatkezel\u00e9si t\u00e1j\u00e9koztat\u00f3\"}]},{\"@type\":\"WebSite\",\"@id\":\"https:\/\/wanbuilding.hu\/#website\",\"url\":\"https:\/\/wanbuilding.hu\/\",\"name\":\"WanBuilding Kft.\",\"description\":\"Build the future together!\",\"publisher\":{\"@id\":\"https:\/\/wanbuilding.hu\/#organization\"},\"potentialAction\":[{\"@type\":\"SearchAction\",\"target\":{\"@type\":\"EntryPoint\",\"urlTemplate\":\"https:\/\/wanbuilding.hu\/?s={search_term_string}\"},\"query-input\":{\"@type\":\"PropertyValueSpecification\",\"valueRequired\":true,\"valueName\":\"search_term_string\"}}],\"inLanguage\":\"en-GB\"},{\"@type\":\"Organization\",\"@id\":\"https:\/\/wanbuilding.hu\/#organization\",\"name\":\"WanBuilding Kft.\",\"url\":\"https:\/\/wanbuilding.hu\/\",\"logo\":{\"@type\":\"ImageObject\",\"inLanguage\":\"en-GB\",\"@id\":\"https:\/\/wanbuilding.hu\/#\/schema\/logo\/image\/\",\"url\":\"https:\/\/wanbuilding.hu\/wp-content\/uploads\/2025\/02\/Eszkoz-4.png\",\"contentUrl\":\"https:\/\/wanbuilding.hu\/wp-content\/uploads\/2025\/02\/Eszkoz-4.png\",\"width\":366,\"height\":366,\"caption\":\"WanBuilding Kft.\"},\"image\":{\"@id\":\"https:\/\/wanbuilding.hu\/#\/schema\/logo\/image\/\"},\"sameAs\":[\"https:\/\/www.facebook.com\/wanbaukft\"]}]}<\/script>\n<!-- \/ Yoast SEO plugin. -->","yoast_head_json":{"title":"Adatkezel\u00e9si t\u00e1j\u00e9koztat\u00f3 - WanBuilding Kft.","description":"Wanbuilding Kft. - Let's Build The Future Together!","robots":{"index":"index","follow":"follow","max-snippet":"max-snippet:-1","max-image-preview":"max-image-preview:large","max-video-preview":"max-video-preview:-1"},"canonical":"https:\/\/wanbuilding.hu\/en\/adatkezelesi-tajekoztato\/","og_locale":"en_GB","og_type":"article","og_title":"Adatkezel\u00e9si t\u00e1j\u00e9koztat\u00f3 - WanBuilding Kft.","og_description":"Wanbuilding Kft. - Let's Build The Future Together!","og_url":"https:\/\/wanbuilding.hu\/en\/adatkezelesi-tajekoztato\/","og_site_name":"WanBuilding Kft.","article_publisher":"https:\/\/www.facebook.com\/wanbaukft","article_modified_time":"2025-02-17T23:34:07+00:00","twitter_card":"summary_large_image","twitter_misc":{"Estimated reading time":"2 minutes"},"schema":{"@context":"https:\/\/schema.org","@graph":[{"@type":"WebPage","@id":"https:\/\/wanbuilding.hu\/adatkezelesi-tajekoztato\/","url":"https:\/\/wanbuilding.hu\/adatkezelesi-tajekoztato\/","name":"Adatkezel\u00e9si t\u00e1j\u00e9koztat\u00f3 - WanBuilding Kft.","isPartOf":{"@id":"https:\/\/wanbuilding.hu\/#website"},"datePublished":"2025-02-11T12:05:36+00:00","dateModified":"2025-02-17T23:34:07+00:00","description":"Wanbuilding Kft. - Let's Build The Future Together!","breadcrumb":{"@id":"https:\/\/wanbuilding.hu\/adatkezelesi-tajekoztato\/#breadcrumb"},"inLanguage":"en-GB","potentialAction":[{"@type":"ReadAction","target":["https:\/\/wanbuilding.hu\/adatkezelesi-tajekoztato\/"]}]},{"@type":"BreadcrumbList","@id":"https:\/\/wanbuilding.hu\/adatkezelesi-tajekoztato\/#breadcrumb","itemListElement":[{"@type":"ListItem","position":1,"name":"Kezd\u0151lap","item":"https:\/\/wanbuilding.hu\/"},{"@type":"ListItem","position":2,"name":"Adatkezel\u00e9si t\u00e1j\u00e9koztat\u00f3"}]},{"@type":"WebSite","@id":"https:\/\/wanbuilding.hu\/#website","url":"https:\/\/wanbuilding.hu\/","name":"WanBuilding Kft.","description":"Build the future together!","publisher":{"@id":"https:\/\/wanbuilding.hu\/#organization"},"potentialAction":[{"@type":"SearchAction","target":{"@type":"EntryPoint","urlTemplate":"https:\/\/wanbuilding.hu\/?s={search_term_string}"},"query-input":{"@type":"PropertyValueSpecification","valueRequired":true,"valueName":"search_term_string"}}],"inLanguage":"en-GB"},{"@type":"Organization","@id":"https:\/\/wanbuilding.hu\/#organization","name":"WanBuilding Kft.","url":"https:\/\/wanbuilding.hu\/","logo":{"@type":"ImageObject","inLanguage":"en-GB","@id":"https:\/\/wanbuilding.hu\/#\/schema\/logo\/image\/","url":"https:\/\/wanbuilding.hu\/wp-content\/uploads\/2025\/02\/Eszkoz-4.png","contentUrl":"https:\/\/wanbuilding.hu\/wp-content\/uploads\/2025\/02\/Eszkoz-4.png","width":366,"height":366,"caption":"WanBuilding Kft."},"image":{"@id":"https:\/\/wanbuilding.hu\/#\/schema\/logo\/image\/"},"sameAs":["https:\/\/www.facebook.com\/wanbaukft"]}]}},"_links":{"self":[{"href":"https:\/\/wanbuilding.hu\/en\/wp-json\/wp\/v2\/pages\/1074","targetHints":{"allow":["GET"]}}],"collection":[{"href":"https:\/\/wanbuilding.hu\/en\/wp-json\/wp\/v2\/pages"}],"about":[{"href":"https:\/\/wanbuilding.hu\/en\/wp-json\/wp\/v2\/types\/page"}],"author":[{"embeddable":true,"href":"https:\/\/wanbuilding.hu\/en\/wp-json\/wp\/v2\/users\/1"}],"replies":[{"embeddable":true,"href":"https:\/\/wanbuilding.hu\/en\/wp-json\/wp\/v2\/comments?post=1074"}],"version-history":[{"count":9,"href":"https:\/\/wanbuilding.hu\/en\/wp-json\/wp\/v2\/pages\/1074\/revisions"}],"predecessor-version":[{"id":1346,"href":"https:\/\/wanbuilding.hu\/en\/wp-json\/wp\/v2\/pages\/1074\/revisions\/1346"}],"wp:attachment":[{"href":"https:\/\/wanbuilding.hu\/en\/wp-json\/wp\/v2\/media?parent=1074"}],"curies":[{"name":"wp","href":"https:\/\/api.w.org\/{rel}","templated":true}]}}