{"id":1094,"date":"2025-02-12T16:20:21","date_gmt":"2025-02-12T16:20:21","guid":{"rendered":"https:\/\/wanbuilding.hu\/?page_id=1094"},"modified":"2025-02-12T16:59:30","modified_gmt":"2025-02-12T16:59:30","slug":"aszf","status":"publish","type":"page","link":"https:\/\/wanbuilding.hu\/en\/aszf\/","title":{"rendered":"Terms and Conditions"},"content":{"rendered":"<div data-elementor-type=\"wp-page\" data-elementor-id=\"1094\" class=\"elementor elementor-1094\">\n\t\t\t\t<div class=\"elementor-element elementor-element-6ab7cef2 e-flex e-con-boxed e-con e-parent\" data-id=\"6ab7cef2\" data-element_type=\"container\">\n\t\t\t\t\t<div class=\"e-con-inner\">\n\t\t\t\t<div class=\"elementor-element elementor-element-11530b56 elementor-widget elementor-widget-text-editor\" data-id=\"11530b56\" data-element_type=\"widget\" data-widget_type=\"text-editor.default\">\n\t\t\t\t<div class=\"elementor-widget-container\">\n\t\t\t\t\t\t\t\t\t\n<p><strong>Hat\u00e1lyos: 2025.02.10<\/strong><\/p>\n<h3 class=\"wp-block-heading\">Bevezet\u00e9s<\/h3>\n\n<p data-pm-slice=\"1 1 []\">Ez az \u00c1ltal\u00e1nos Szerz\u0151d\u00e9si Felt\u00e9telek (tov\u00e1bbiakban: &#8222;\u00c1SZF&#8221;) szab\u00e1lyozza aWanbuilding Kft.\u00a0 (tov\u00e1bbiakban: &#8222;C\u00e9g&#8221;) \u00e1ltal \u00fczemeltetett weboldal haszn\u00e1lat\u00e1t. A weboldal c\u00e9lja a c\u00e9g bemutat\u00e1sa \u00e9s aj\u00e1nlatk\u00e9r\u00e9si lehet\u0151s\u00e9g biztos\u00edt\u00e1sa az \u00e9rdekl\u0151d\u0151k sz\u00e1m\u00e1ra. A weboldal haszn\u00e1lat\u00e1val \u00d6n elfogadja az al\u00e1bbi felt\u00e9teleket<\/p>\n\n<h3 class=\"wp-block-heading\">Szolg\u00e1ltat\u00e1s jellege<\/h3>\n\n<p data-pm-slice=\"1 1 []\">A weboldal egy inform\u00e1ci\u00f3s platform, amelyen kereszt\u00fcl a l\u00e1togat\u00f3k t\u00e1j\u00e9koz\u00f3dhatnak\u00a0 a C\u00e9g szolg\u00e1ltat\u00e1sair\u00f3l, valamint aj\u00e1nlatk\u00e9r\u00e9si lehet\u0151s\u00e9get vehetnek ig\u00e9nybe. A weboldalon kereszt\u00fcl k\u00fcld\u00f6tt aj\u00e1nlatk\u00e9r\u00e9sek nem min\u0151s\u00fclnek szerz\u0151d\u00e9sk\u00f6t\u00e9snek.<\/p>\n\n<h3 class=\"wp-block-heading\">Aj\u00e1nlatk\u00e9r\u00e9s folyamata<\/h3>\n\n<p data-pm-slice=\"1 1 []\">A weboldalon tal\u00e1lhat\u00f3 aj\u00e1nlatk\u00e9r\u00e9si \u0171rlap kit\u00f6lt\u00e9s\u00e9vel a l\u00e1togat\u00f3 kapcsolatba l\u00e9phet a C\u00e9ggel. Az aj\u00e1nlatk\u00e9r\u00e9si folyamat sor\u00e1n a felhaszn\u00e1l\u00f3nak meg kell adnia nev\u00e9t, telefonsz\u00e1m\u00e1t, e-mail c\u00edm\u00e9t \u00e9s az aj\u00e1nlatk\u00e9r\u00e9s t\u00e1rgy\u00e1t. Az aj\u00e1nlatk\u00e9r\u00e9s elk\u00fcld\u00e9se ut\u00e1n a C\u00e9g egy\u00e9ni elb\u00edr\u00e1l\u00e1s alapj\u00e1n v\u00e1laszol.<\/p>\n\n<h3 class=\"wp-block-heading\">Felel\u0151ss\u00e9gv\u00e1llal\u00e1s<\/h3>\n\n<p data-pm-slice=\"1 1 []\">A weboldal kiz\u00e1r\u00f3lag inform\u00e1ci\u00f3s c\u00e9lokat szolg\u00e1l. A C\u00e9g nem v\u00e1llal felel\u0151ss\u00e9get az aj\u00e1nlatk\u00e9r\u00e9s sor\u00e1n megadott adatok helyess\u00e9g\u00e9\u00e9rt, valamint a l\u00e1togat\u00f3k \u00e1ltal k\u00fcld\u00f6tt \u00fczenetek tartalm\u00e1\u00e9rt. A C\u00e9g v\u00e1llalja, hogy a vele szerz\u0151d\u0151 \u00fcgyfelek sz\u00e1m\u00e1ra megfelel\u0151 szolg\u00e1ltat\u00e1st ny\u00fajt a meg\u00e1llapodott felt\u00e9telek szerint.<\/p>\n\n<h3><\/h3>\n<h3 class=\"wp-block-heading\">Adatkezel\u00e9s \u00e9s adatv\u00e9delem<\/h3>\n\n<p data-pm-slice=\"1 1 []\">A weboldalon megadott szem\u00e9lyes adatokat a C\u00e9g kiz\u00e1r\u00f3lag az aj\u00e1nlatk\u00e9r\u00e9sek feldolgoz\u00e1sa \u00e9s a l\u00e1togat\u00f3kkal val\u00f3 kapcsolatfelv\u00e9tel c\u00e9lj\u00e1b\u00f3l kezeli. Az adatkezel\u00e9s r\u00e9szletes szab\u00e1lyait az Adatkezel\u00e9si T\u00e1j\u00e9koztat\u00f3 tartalmazza.<\/p>\n\n<h3 class=\"wp-block-heading\">Contact<\/h3>\n\n<p data-pm-slice=\"1 3 []\">Amennyiben k\u00e9rd\u00e9se van a weboldallal vagy az aj\u00e1nlatk\u00e9r\u00e9si folyamattal kapcsolatban, k\u00e9rj\u00fck, l\u00e9pjen kapcsolatba vel\u00fcnk az al\u00e1bbi el\u00e9rhet\u0151s\u00e9geken:<\/p>\n<ul data-spread=\"false\">\n<li>\n<p>E-mail: info@wanbuilding.hu<\/p>\n<\/li>\n<\/ul>\n\n<h3 class=\"wp-block-heading\">M\u00f3dos\u00edt\u00e1sok<\/h3>\n\n<p data-pm-slice=\"1 1 []\">A C\u00e9g fenntartja a jogot, hogy az \u00c1SZF-et b\u00e1rmikor m\u00f3dos\u00edtsa. Az aktu\u00e1lis verzi\u00f3 mindig el\u00e9rhet\u0151 a weboldalon.<\/p>\n\n<p>\u00a0<\/p>\t\t\t\t\t\t\t\t<\/div>\n\t\t\t\t<\/div>\n\t\t\t\t\t<\/div>\n\t\t\t\t<\/div>\n\t\t\t\t<\/div>","protected":false},"excerpt":{"rendered":"<p>Hat\u00e1lyos: 2025.02.10 Bevezet\u00e9s Ez az \u00c1ltal\u00e1nos Szerz\u0151d\u00e9si Felt\u00e9telek (tov\u00e1bbiakban: &#8222;\u00c1SZF&#8221;) szab\u00e1lyozza aWanbuilding Kft.\u00a0 (tov\u00e1bbiakban: &#8222;C\u00e9g&#8221;) \u00e1ltal \u00fczemeltetett weboldal haszn\u00e1lat\u00e1t. A weboldal c\u00e9lja a c\u00e9g bemutat\u00e1sa \u00e9s aj\u00e1nlatk\u00e9r\u00e9si lehet\u0151s\u00e9g biztos\u00edt\u00e1sa az \u00e9rdekl\u0151d\u0151k sz\u00e1m\u00e1ra. A weboldal haszn\u00e1lat\u00e1val \u00d6n elfogadja az al\u00e1bbi felt\u00e9teleket Szolg\u00e1ltat\u00e1s jellege A weboldal egy inform\u00e1ci\u00f3s platform, amelyen kereszt\u00fcl a l\u00e1togat\u00f3k t\u00e1j\u00e9koz\u00f3dhatnak\u00a0 a C\u00e9g szolg\u00e1ltat\u00e1sair\u00f3l, [&hellip;]<\/p>","protected":false},"author":1,"featured_media":0,"parent":0,"menu_order":0,"comment_status":"closed","ping_status":"closed","template":"","meta":{"site-sidebar-layout":"default","site-content-layout":"","ast-site-content-layout":"default","site-content-style":"default","site-sidebar-style":"default","ast-global-header-display":"","ast-banner-title-visibility":"","ast-main-header-display":"","ast-hfb-above-header-display":"","ast-hfb-below-header-display":"","ast-hfb-mobile-header-display":"","site-post-title":"","ast-breadcrumbs-content":"","ast-featured-img":"","footer-sml-layout":"","theme-transparent-header-meta":"","adv-header-id-meta":"","stick-header-meta":"","header-above-stick-meta":"","header-main-stick-meta":"","header-below-stick-meta":"","astra-migrate-meta-layouts":"set","ast-page-background-enabled":"default","ast-page-background-meta":{"desktop":{"background-color":"","background-image":"","background-repeat":"repeat","background-position":"center center","background-size":"auto","background-attachment":"scroll","background-type":"","background-media":"","overlay-type":"","overlay-color":"","overlay-opacity":"","overlay-gradient":""},"tablet":{"background-color":"","background-image":"","background-repeat":"repeat","background-position":"center center","background-size":"auto","background-attachment":"scroll","background-type":"","background-media":"","overlay-type":"","overlay-color":"","overlay-opacity":"","overlay-gradient":""},"mobile":{"background-color":"","background-image":"","background-repeat":"repeat","background-position":"center center","background-size":"auto","background-attachment":"scroll","background-type":"","background-media":"","overlay-type":"","overlay-color":"","overlay-opacity":"","overlay-gradient":""}},"ast-content-background-meta":{"desktop":{"background-color":"var(--ast-global-color-5)","background-image":"","background-repeat":"repeat","background-position":"center center","background-size":"auto","background-attachment":"scroll","background-type":"","background-media":"","overlay-type":"","overlay-color":"","overlay-opacity":"","overlay-gradient":""},"tablet":{"background-color":"var(--ast-global-color-5)","background-image":"","background-repeat":"repeat","background-position":"center center","background-size":"auto","background-attachment":"scroll","background-type":"","background-media":"","overlay-type":"","overlay-color":"","overlay-opacity":"","overlay-gradient":""},"mobile":{"background-color":"var(--ast-global-color-5)","background-image":"","background-repeat":"repeat","background-position":"center center","background-size":"auto","background-attachment":"scroll","background-type":"","background-media":"","overlay-type":"","overlay-color":"","overlay-opacity":"","overlay-gradient":""}},"footnotes":""},"class_list":["post-1094","page","type-page","status-publish","hentry"],"yoast_head":"<!-- This site is optimized with the Yoast SEO plugin v24.4 - https:\/\/yoast.com\/wordpress\/plugins\/seo\/ -->\n<title>\u00c1ltal\u00e1nos Szerz\u0151d\u00e9si Felt\u00e9telek(\u00c1SZF) - WanBuilding Kft.<\/title>\n<meta name=\"description\" content=\"Wanbuilding Kft. - Let&#039;s Build The Future Together!\" \/>\n<meta name=\"robots\" content=\"index, follow, max-snippet:-1, max-image-preview:large, max-video-preview:-1\" \/>\n<link rel=\"canonical\" href=\"https:\/\/wanbuilding.hu\/en\/aszf\/\" \/>\n<meta property=\"og:locale\" content=\"en_GB\" \/>\n<meta property=\"og:type\" content=\"article\" \/>\n<meta property=\"og:title\" content=\"\u00c1ltal\u00e1nos Szerz\u0151d\u00e9si Felt\u00e9telek(\u00c1SZF) - WanBuilding Kft.\" \/>\n<meta property=\"og:description\" content=\"Wanbuilding Kft. - Let&#039;s Build The Future Together!\" \/>\n<meta property=\"og:url\" content=\"https:\/\/wanbuilding.hu\/en\/aszf\/\" \/>\n<meta property=\"og:site_name\" content=\"WanBuilding Kft.\" \/>\n<meta property=\"article:publisher\" content=\"https:\/\/www.facebook.com\/wanbaukft\" \/>\n<meta property=\"article:modified_time\" content=\"2025-02-12T16:59:30+00:00\" \/>\n<meta name=\"twitter:card\" content=\"summary_large_image\" \/>\n<meta name=\"twitter:label1\" content=\"Estimated reading time\" \/>\n\t<meta name=\"twitter:data1\" content=\"2 minutes\" \/>\n<script type=\"application\/ld+json\" class=\"yoast-schema-graph\">{\"@context\":\"https:\/\/schema.org\",\"@graph\":[{\"@type\":\"WebPage\",\"@id\":\"https:\/\/wanbuilding.hu\/aszf\/\",\"url\":\"https:\/\/wanbuilding.hu\/aszf\/\",\"name\":\"\u00c1ltal\u00e1nos Szerz\u0151d\u00e9si Felt\u00e9telek(\u00c1SZF) - WanBuilding Kft.\",\"isPartOf\":{\"@id\":\"https:\/\/wanbuilding.hu\/#website\"},\"datePublished\":\"2025-02-12T16:20:21+00:00\",\"dateModified\":\"2025-02-12T16:59:30+00:00\",\"description\":\"Wanbuilding Kft. - Let's Build The Future Together!\",\"breadcrumb\":{\"@id\":\"https:\/\/wanbuilding.hu\/aszf\/#breadcrumb\"},\"inLanguage\":\"en-GB\",\"potentialAction\":[{\"@type\":\"ReadAction\",\"target\":[\"https:\/\/wanbuilding.hu\/aszf\/\"]}]},{\"@type\":\"BreadcrumbList\",\"@id\":\"https:\/\/wanbuilding.hu\/aszf\/#breadcrumb\",\"itemListElement\":[{\"@type\":\"ListItem\",\"position\":1,\"name\":\"Kezd\u0151lap\",\"item\":\"https:\/\/wanbuilding.hu\/\"},{\"@type\":\"ListItem\",\"position\":2,\"name\":\"\u00c1ltal\u00e1nos Szerz\u0151d\u00e9si Felt\u00e9telek(\u00c1SZF)\"}]},{\"@type\":\"WebSite\",\"@id\":\"https:\/\/wanbuilding.hu\/#website\",\"url\":\"https:\/\/wanbuilding.hu\/\",\"name\":\"WanBuilding Kft.\",\"description\":\"Build the future together!\",\"publisher\":{\"@id\":\"https:\/\/wanbuilding.hu\/#organization\"},\"potentialAction\":[{\"@type\":\"SearchAction\",\"target\":{\"@type\":\"EntryPoint\",\"urlTemplate\":\"https:\/\/wanbuilding.hu\/?s={search_term_string}\"},\"query-input\":{\"@type\":\"PropertyValueSpecification\",\"valueRequired\":true,\"valueName\":\"search_term_string\"}}],\"inLanguage\":\"en-GB\"},{\"@type\":\"Organization\",\"@id\":\"https:\/\/wanbuilding.hu\/#organization\",\"name\":\"WanBuilding Kft.\",\"url\":\"https:\/\/wanbuilding.hu\/\",\"logo\":{\"@type\":\"ImageObject\",\"inLanguage\":\"en-GB\",\"@id\":\"https:\/\/wanbuilding.hu\/#\/schema\/logo\/image\/\",\"url\":\"https:\/\/wanbuilding.hu\/wp-content\/uploads\/2025\/02\/Eszkoz-4.png\",\"contentUrl\":\"https:\/\/wanbuilding.hu\/wp-content\/uploads\/2025\/02\/Eszkoz-4.png\",\"width\":366,\"height\":366,\"caption\":\"WanBuilding Kft.\"},\"image\":{\"@id\":\"https:\/\/wanbuilding.hu\/#\/schema\/logo\/image\/\"},\"sameAs\":[\"https:\/\/www.facebook.com\/wanbaukft\"]}]}<\/script>\n<!-- \/ Yoast SEO plugin. -->","yoast_head_json":{"title":"\u00c1ltal\u00e1nos Szerz\u0151d\u00e9si Felt\u00e9telek(\u00c1SZF) - WanBuilding Kft.","description":"Wanbuilding Kft. - Let's Build The Future Together!","robots":{"index":"index","follow":"follow","max-snippet":"max-snippet:-1","max-image-preview":"max-image-preview:large","max-video-preview":"max-video-preview:-1"},"canonical":"https:\/\/wanbuilding.hu\/en\/aszf\/","og_locale":"en_GB","og_type":"article","og_title":"\u00c1ltal\u00e1nos Szerz\u0151d\u00e9si Felt\u00e9telek(\u00c1SZF) - WanBuilding Kft.","og_description":"Wanbuilding Kft. - Let's Build The Future Together!","og_url":"https:\/\/wanbuilding.hu\/en\/aszf\/","og_site_name":"WanBuilding Kft.","article_publisher":"https:\/\/www.facebook.com\/wanbaukft","article_modified_time":"2025-02-12T16:59:30+00:00","twitter_card":"summary_large_image","twitter_misc":{"Estimated reading time":"2 minutes"},"schema":{"@context":"https:\/\/schema.org","@graph":[{"@type":"WebPage","@id":"https:\/\/wanbuilding.hu\/aszf\/","url":"https:\/\/wanbuilding.hu\/aszf\/","name":"\u00c1ltal\u00e1nos Szerz\u0151d\u00e9si Felt\u00e9telek(\u00c1SZF) - WanBuilding Kft.","isPartOf":{"@id":"https:\/\/wanbuilding.hu\/#website"},"datePublished":"2025-02-12T16:20:21+00:00","dateModified":"2025-02-12T16:59:30+00:00","description":"Wanbuilding Kft. - Let's Build The Future Together!","breadcrumb":{"@id":"https:\/\/wanbuilding.hu\/aszf\/#breadcrumb"},"inLanguage":"en-GB","potentialAction":[{"@type":"ReadAction","target":["https:\/\/wanbuilding.hu\/aszf\/"]}]},{"@type":"BreadcrumbList","@id":"https:\/\/wanbuilding.hu\/aszf\/#breadcrumb","itemListElement":[{"@type":"ListItem","position":1,"name":"Kezd\u0151lap","item":"https:\/\/wanbuilding.hu\/"},{"@type":"ListItem","position":2,"name":"\u00c1ltal\u00e1nos Szerz\u0151d\u00e9si Felt\u00e9telek(\u00c1SZF)"}]},{"@type":"WebSite","@id":"https:\/\/wanbuilding.hu\/#website","url":"https:\/\/wanbuilding.hu\/","name":"WanBuilding Kft.","description":"Build the future together!","publisher":{"@id":"https:\/\/wanbuilding.hu\/#organization"},"potentialAction":[{"@type":"SearchAction","target":{"@type":"EntryPoint","urlTemplate":"https:\/\/wanbuilding.hu\/?s={search_term_string}"},"query-input":{"@type":"PropertyValueSpecification","valueRequired":true,"valueName":"search_term_string"}}],"inLanguage":"en-GB"},{"@type":"Organization","@id":"https:\/\/wanbuilding.hu\/#organization","name":"WanBuilding Kft.","url":"https:\/\/wanbuilding.hu\/","logo":{"@type":"ImageObject","inLanguage":"en-GB","@id":"https:\/\/wanbuilding.hu\/#\/schema\/logo\/image\/","url":"https:\/\/wanbuilding.hu\/wp-content\/uploads\/2025\/02\/Eszkoz-4.png","contentUrl":"https:\/\/wanbuilding.hu\/wp-content\/uploads\/2025\/02\/Eszkoz-4.png","width":366,"height":366,"caption":"WanBuilding Kft."},"image":{"@id":"https:\/\/wanbuilding.hu\/#\/schema\/logo\/image\/"},"sameAs":["https:\/\/www.facebook.com\/wanbaukft"]}]}},"_links":{"self":[{"href":"https:\/\/wanbuilding.hu\/en\/wp-json\/wp\/v2\/pages\/1094","targetHints":{"allow":["GET"]}}],"collection":[{"href":"https:\/\/wanbuilding.hu\/en\/wp-json\/wp\/v2\/pages"}],"about":[{"href":"https:\/\/wanbuilding.hu\/en\/wp-json\/wp\/v2\/types\/page"}],"author":[{"embeddable":true,"href":"https:\/\/wanbuilding.hu\/en\/wp-json\/wp\/v2\/users\/1"}],"replies":[{"embeddable":true,"href":"https:\/\/wanbuilding.hu\/en\/wp-json\/wp\/v2\/comments?post=1094"}],"version-history":[{"count":5,"href":"https:\/\/wanbuilding.hu\/en\/wp-json\/wp\/v2\/pages\/1094\/revisions"}],"predecessor-version":[{"id":1100,"href":"https:\/\/wanbuilding.hu\/en\/wp-json\/wp\/v2\/pages\/1094\/revisions\/1100"}],"wp:attachment":[{"href":"https:\/\/wanbuilding.hu\/en\/wp-json\/wp\/v2\/media?parent=1094"}],"curies":[{"name":"wp","href":"https:\/\/api.w.org\/{rel}","templated":true}]}}