{"id":119,"date":"2025-01-07T10:20:53","date_gmt":"2025-01-07T10:20:53","guid":{"rendered":"https:\/\/wanbuilding.hu\/about-us\/"},"modified":"2025-02-17T23:24:26","modified_gmt":"2025-02-17T23:24:26","slug":"about-us","status":"publish","type":"page","link":"https:\/\/wanbuilding.hu\/en\/about-us\/","title":{"rendered":"Abous us"},"content":{"rendered":"<div data-elementor-type=\"wp-page\" data-elementor-id=\"119\" class=\"elementor elementor-119\">\n\t\t\t\t<div class=\"elementor-element elementor-element-6293501 e-con-full e-flex e-con e-parent\" data-id=\"6293501\" data-element_type=\"container\" data-settings=\"{&quot;background_background&quot;:&quot;classic&quot;}\">\n\t\t<div class=\"elementor-element elementor-element-60f23af e-con-full e-flex e-con e-child\" data-id=\"60f23af\" data-element_type=\"container\">\n\t\t\t\t<div class=\"elementor-element elementor-element-8b67591 elementor-widget elementor-widget-heading\" data-id=\"8b67591\" data-element_type=\"widget\" data-widget_type=\"heading.default\">\n\t\t\t\t<div class=\"elementor-widget-container\">\n\t\t\t\t\t<h1 class=\"elementor-heading-title elementor-size-default\">Abous us<\/h1>\t\t\t\t<\/div>\n\t\t\t\t<\/div>\n\t\t\t\t<div class=\"elementor-element elementor-element-8d29c6c elementor-widget elementor-widget-text-editor\" data-id=\"8d29c6c\" data-element_type=\"widget\" data-widget_type=\"text-editor.default\">\n\t\t\t\t<div class=\"elementor-widget-container\">\n\t\t\t\t\t\t\t\t\t<p>Brief introduction of our company.<\/p>\t\t\t\t\t\t\t\t<\/div>\n\t\t\t\t<\/div>\n\t\t\t\t<\/div>\n\t\t\t\t<\/div>\n\t\t<div class=\"elementor-element elementor-element-1df73b1 e-flex e-con-boxed e-con e-parent\" data-id=\"1df73b1\" data-element_type=\"container\" data-settings=\"{&quot;background_background&quot;:&quot;classic&quot;}\">\n\t\t\t\t\t<div class=\"e-con-inner\">\n\t\t<div class=\"elementor-element elementor-element-c002b61 e-con-full e-flex e-con e-child\" data-id=\"c002b61\" data-element_type=\"container\" data-settings=\"{&quot;background_background&quot;:&quot;classic&quot;}\">\n\t\t\t\t<div class=\"elementor-element elementor-element-b97116c elementor-widget elementor-widget-image\" data-id=\"b97116c\" data-element_type=\"widget\" data-widget_type=\"image.default\">\n\t\t\t\t<div class=\"elementor-widget-container\">\n\t\t\t\t\t\t\t\t\t\t\t\t\t\t\t<img decoding=\"async\" src=\"https:\/\/wanbuilding.hu\/wp-content\/uploads\/elementor\/thumbs\/image7-r1n8mwfewkt7jpqg2fp25mlf76r2ukl7ew7arhulls.jpg\" title=\"image7\" alt=\"image7\" loading=\"lazy\" \/>\t\t\t\t\t\t\t\t\t\t\t\t\t\t\t<\/div>\n\t\t\t\t<\/div>\n\t\t\t\t<\/div>\n\t\t<div class=\"elementor-element elementor-element-eeb1dd2 e-con-full e-flex e-con e-child\" data-id=\"eeb1dd2\" data-element_type=\"container\">\n\t\t\t\t<div class=\"elementor-element elementor-element-5d36816 elementor-widget elementor-widget-heading\" data-id=\"5d36816\" data-element_type=\"widget\" data-widget_type=\"heading.default\">\n\t\t\t\t<div class=\"elementor-widget-container\">\n\t\t\t\t\t<h2 class=\"elementor-heading-title elementor-size-default\">Experienced and qualified entrepreneur<\/h2>\t\t\t\t<\/div>\n\t\t\t\t<\/div>\n\t\t\t\t<div class=\"elementor-element elementor-element-e703ad7 elementor-widget elementor-widget-text-editor\" data-id=\"e703ad7\" data-element_type=\"widget\" data-widget_type=\"text-editor.default\">\n\t\t\t\t<div class=\"elementor-widget-container\">\n\t\t\t\t\t\t\t\t\t<p>I have been working in the electrical installation profession for more than 10 years. I created my own team in 2021 so that we can participate in larger projects. In the beginning, we started with 6 people, and today we have developed into a team of 100+ electricians. Our goal is continuous growth and to perform all our work at the highest professional level, with the utmost care.<\/p>\t\t\t\t\t\t\t\t<\/div>\n\t\t\t\t<\/div>\n\t\t<div class=\"elementor-element elementor-element-3629a11 e-flex e-con-boxed e-con e-child\" data-id=\"3629a11\" data-element_type=\"container\">\n\t\t\t\t\t<div class=\"e-con-inner\">\n\t\t<div class=\"elementor-element elementor-element-2bc71ff e-con-full e-flex e-con e-child\" data-id=\"2bc71ff\" data-element_type=\"container\">\n\t\t\t\t<div class=\"elementor-element elementor-element-700fbcd elementor-icon-list--layout-traditional elementor-list-item-link-full_width elementor-widget elementor-widget-icon-list\" data-id=\"700fbcd\" data-element_type=\"widget\" data-widget_type=\"icon-list.default\">\n\t\t\t\t<div class=\"elementor-widget-container\">\n\t\t\t\t\t\t\t<ul class=\"elementor-icon-list-items\">\n\t\t\t\t\t\t\t<li class=\"elementor-icon-list-item\">\n\t\t\t\t\t\t\t\t\t\t\t<span class=\"elementor-icon-list-icon\">\n\t\t\t\t\t\t\t<svg aria-hidden=\"true\" class=\"e-font-icon-svg e-fas-check-circle\" viewbox=\"0 0 512 512\" xmlns=\"http:\/\/www.w3.org\/2000\/svg\"><path d=\"M504 256c0 136.967-111.033 248-248 248S8 392.967 8 256 119.033 8 256 8s248 111.033 248 248zM227.314 387.314l184-184c6.248-6.248 6.248-16.379 0-22.627l-22.627-22.627c-6.248-6.249-16.379-6.249-22.628 0L216 308.118l-70.059-70.059c-6.248-6.248-16.379-6.248-22.628 0l-22.627 22.627c-6.248 6.248-6.248 16.379 0 22.627l104 104c6.249 6.249 16.379 6.249 22.628.001z\"><\/path><\/svg>\t\t\t\t\t\t<\/span>\n\t\t\t\t\t\t\t\t\t\t<span class=\"elementor-icon-list-text\">Qualified professionals<\/span>\n\t\t\t\t\t\t\t\t\t<\/li>\n\t\t\t\t\t\t\t\t<li class=\"elementor-icon-list-item\">\n\t\t\t\t\t\t\t\t\t\t\t<span class=\"elementor-icon-list-icon\">\n\t\t\t\t\t\t\t<svg aria-hidden=\"true\" class=\"e-font-icon-svg e-fas-check-circle\" viewbox=\"0 0 512 512\" xmlns=\"http:\/\/www.w3.org\/2000\/svg\"><path d=\"M504 256c0 136.967-111.033 248-248 248S8 392.967 8 256 119.033 8 256 8s248 111.033 248 248zM227.314 387.314l184-184c6.248-6.248 6.248-16.379 0-22.627l-22.627-22.627c-6.248-6.249-16.379-6.249-22.628 0L216 308.118l-70.059-70.059c-6.248-6.248-16.379-6.248-22.628 0l-22.627 22.627c-6.248 6.248-6.248 16.379 0 22.627l104 104c6.249 6.249 16.379 6.249 22.628.001z\"><\/path><\/svg>\t\t\t\t\t\t<\/span>\n\t\t\t\t\t\t\t\t\t\t<span class=\"elementor-icon-list-text\">Warranty and reliability<\/span>\n\t\t\t\t\t\t\t\t\t<\/li>\n\t\t\t\t\t\t<\/ul>\n\t\t\t\t\t\t<\/div>\n\t\t\t\t<\/div>\n\t\t\t\t<\/div>\n\t\t<div class=\"elementor-element elementor-element-548b470 e-con-full e-flex e-con e-child\" data-id=\"548b470\" data-element_type=\"container\">\n\t\t\t\t<div class=\"elementor-element elementor-element-70eeba4 elementor-icon-list--layout-traditional elementor-list-item-link-full_width elementor-widget elementor-widget-icon-list\" data-id=\"70eeba4\" data-element_type=\"widget\" data-widget_type=\"icon-list.default\">\n\t\t\t\t<div class=\"elementor-widget-container\">\n\t\t\t\t\t\t\t<ul class=\"elementor-icon-list-items\">\n\t\t\t\t\t\t\t<li class=\"elementor-icon-list-item\">\n\t\t\t\t\t\t\t\t\t\t\t<span class=\"elementor-icon-list-icon\">\n\t\t\t\t\t\t\t<svg aria-hidden=\"true\" class=\"e-font-icon-svg e-fas-check-circle\" viewbox=\"0 0 512 512\" xmlns=\"http:\/\/www.w3.org\/2000\/svg\"><path d=\"M504 256c0 136.967-111.033 248-248 248S8 392.967 8 256 119.033 8 256 8s248 111.033 248 248zM227.314 387.314l184-184c6.248-6.248 6.248-16.379 0-22.627l-22.627-22.627c-6.248-6.249-16.379-6.249-22.628 0L216 308.118l-70.059-70.059c-6.248-6.248-16.379-6.248-22.628 0l-22.627 22.627c-6.248 6.248-6.248 16.379 0 22.627l104 104c6.249 6.249 16.379 6.249 22.628.001z\"><\/path><\/svg>\t\t\t\t\t\t<\/span>\n\t\t\t\t\t\t\t\t\t\t<span class=\"elementor-icon-list-text\">Precise execution<\/span>\n\t\t\t\t\t\t\t\t\t<\/li>\n\t\t\t\t\t\t\t\t<li class=\"elementor-icon-list-item\">\n\t\t\t\t\t\t\t\t\t\t\t<span class=\"elementor-icon-list-icon\">\n\t\t\t\t\t\t\t<svg aria-hidden=\"true\" class=\"e-font-icon-svg e-fas-check-circle\" viewbox=\"0 0 512 512\" xmlns=\"http:\/\/www.w3.org\/2000\/svg\"><path d=\"M504 256c0 136.967-111.033 248-248 248S8 392.967 8 256 119.033 8 256 8s248 111.033 248 248zM227.314 387.314l184-184c6.248-6.248 6.248-16.379 0-22.627l-22.627-22.627c-6.248-6.249-16.379-6.249-22.628 0L216 308.118l-70.059-70.059c-6.248-6.248-16.379-6.248-22.628 0l-22.627 22.627c-6.248 6.248-6.248 16.379 0 22.627l104 104c6.249 6.249 16.379 6.249 22.628.001z\"><\/path><\/svg>\t\t\t\t\t\t<\/span>\n\t\t\t\t\t\t\t\t\t\t<span class=\"elementor-icon-list-text\">Customer friendly<\/span>\n\t\t\t\t\t\t\t\t\t<\/li>\n\t\t\t\t\t\t<\/ul>\n\t\t\t\t\t\t<\/div>\n\t\t\t\t<\/div>\n\t\t\t\t<\/div>\n\t\t\t\t\t<\/div>\n\t\t\t\t<\/div>\n\t\t\t\t<\/div>\n\t\t\t\t\t<\/div>\n\t\t\t\t<\/div>\n\t\t<div class=\"elementor-element elementor-element-ea948e4 e-flex e-con-boxed e-con e-parent\" data-id=\"ea948e4\" data-element_type=\"container\" data-settings=\"{&quot;background_background&quot;:&quot;classic&quot;}\">\n\t\t\t\t\t<div class=\"e-con-inner\">\n\t\t<div class=\"elementor-element elementor-element-35feeee e-con-full e-flex e-con e-child\" data-id=\"35feeee\" data-element_type=\"container\">\n\t\t\t\t<div class=\"elementor-element elementor-element-0b8a074 elementor-widget elementor-widget-heading\" data-id=\"0b8a074\" data-element_type=\"widget\" data-widget_type=\"heading.default\">\n\t\t\t\t<div class=\"elementor-widget-container\">\n\t\t\t\t\t<h2 class=\"elementor-heading-title elementor-size-default\">Our goals<\/h2>\t\t\t\t<\/div>\n\t\t\t\t<\/div>\n\t\t\t\t<div class=\"elementor-element elementor-element-eaf450f elementor-widget elementor-widget-text-editor\" data-id=\"eaf450f\" data-element_type=\"widget\" data-widget_type=\"text-editor.default\">\n\t\t\t\t<div class=\"elementor-widget-container\">\n\t\t\t\t\t\t\t\t\t<p>We are committed to quality and reliable construction. We are constantly developing in order to always provide our customers with the best solution.<\/p>\t\t\t\t\t\t\t\t<\/div>\n\t\t\t\t<\/div>\n\t\t<div class=\"elementor-element elementor-element-818542c e-flex e-con-boxed e-con e-child\" data-id=\"818542c\" data-element_type=\"container\">\n\t\t\t\t\t<div class=\"e-con-inner\">\n\t\t<div class=\"elementor-element elementor-element-6b38fe0 e-con-full e-flex e-con e-child\" data-id=\"6b38fe0\" data-element_type=\"container\">\n\t\t\t\t<div class=\"elementor-element elementor-element-49088b4 elementor-view-stacked elementor-shape-circle elementor-position-top elementor-mobile-position-top elementor-widget elementor-widget-icon-box\" data-id=\"49088b4\" data-element_type=\"widget\" data-widget_type=\"icon-box.default\">\n\t\t\t\t<div class=\"elementor-widget-container\">\n\t\t\t\t\t\t\t<div class=\"elementor-icon-box-wrapper\">\n\n\t\t\t\t\t\t<div class=\"elementor-icon-box-icon\">\n\t\t\t\t<span  class=\"elementor-icon\">\n\t\t\t\t<svg aria-hidden=\"true\" class=\"e-font-icon-svg e-fas-clock\" viewbox=\"0 0 512 512\" xmlns=\"http:\/\/www.w3.org\/2000\/svg\"><path d=\"M256,8C119,8,8,119,8,256S119,504,256,504,504,393,504,256,393,8,256,8Zm92.49,313h0l-20,25a16,16,0,0,1-22.49,2.5h0l-67-49.72a40,40,0,0,1-15-31.23V112a16,16,0,0,1,16-16h32a16,16,0,0,1,16,16V256l58,42.5A16,16,0,0,1,348.49,321Z\"><\/path><\/svg>\t\t\t\t<\/span>\n\t\t\t<\/div>\n\t\t\t\n\t\t\t\t\t\t<div class=\"elementor-icon-box-content\">\n\n\t\t\t\t\t\t\t\t\t<h4 class=\"elementor-icon-box-title\">\n\t\t\t\t\t\t<span  >\n\t\t\t\t\t\t\tReliability\t\t\t\t\t\t<\/span>\n\t\t\t\t\t<\/h4>\n\t\t\t\t\n\t\t\t\t\t\t\t\t\t<p class=\"elementor-icon-box-description\">\n\t\t\t\t\t\tAlways precise and safe construction, which is also problem-free in the long term.\t\t\t\t\t<\/p>\n\t\t\t\t\n\t\t\t<\/div>\n\t\t\t\n\t\t<\/div>\n\t\t\t\t\t\t<\/div>\n\t\t\t\t<\/div>\n\t\t\t\t<\/div>\n\t\t<div class=\"elementor-element elementor-element-687c6b2 e-con-full e-flex e-con e-child\" data-id=\"687c6b2\" data-element_type=\"container\">\n\t\t\t\t<div class=\"elementor-element elementor-element-da74a80 elementor-view-stacked elementor-shape-circle elementor-position-top elementor-mobile-position-top elementor-widget elementor-widget-icon-box\" data-id=\"da74a80\" data-element_type=\"widget\" data-widget_type=\"icon-box.default\">\n\t\t\t\t<div class=\"elementor-widget-container\">\n\t\t\t\t\t\t\t<div class=\"elementor-icon-box-wrapper\">\n\n\t\t\t\t\t\t<div class=\"elementor-icon-box-icon\">\n\t\t\t\t<span  class=\"elementor-icon\">\n\t\t\t\t<svg aria-hidden=\"true\" class=\"e-font-icon-svg e-fas-wallet\" viewbox=\"0 0 512 512\" xmlns=\"http:\/\/www.w3.org\/2000\/svg\"><path d=\"M461.2 128H80c-8.84 0-16-7.16-16-16s7.16-16 16-16h384c8.84 0 16-7.16 16-16 0-26.51-21.49-48-48-48H64C28.65 32 0 60.65 0 96v320c0 35.35 28.65 64 64 64h397.2c28.02 0 50.8-21.53 50.8-48V176c0-26.47-22.78-48-50.8-48zM416 336c-17.67 0-32-14.33-32-32s14.33-32 32-32 32 14.33 32 32-14.33 32-32 32z\"><\/path><\/svg>\t\t\t\t<\/span>\n\t\t\t<\/div>\n\t\t\t\n\t\t\t\t\t\t<div class=\"elementor-icon-box-content\">\n\n\t\t\t\t\t\t\t\t\t<h4 class=\"elementor-icon-box-title\">\n\t\t\t\t\t\t<span  >\n\t\t\t\t\t\t\tEffiency\t\t\t\t\t\t<\/span>\n\t\t\t\t\t<\/h4>\n\t\t\t\t\n\t\t\t\t\t\t\t\t\t<p class=\"elementor-icon-box-description\">\n\t\t\t\t\t\tModern technologies and energy-saving solutions, cost-effective construction.\t\t\t\t\t<\/p>\n\t\t\t\t\n\t\t\t<\/div>\n\t\t\t\n\t\t<\/div>\n\t\t\t\t\t\t<\/div>\n\t\t\t\t<\/div>\n\t\t\t\t<\/div>\n\t\t<div class=\"elementor-element elementor-element-353cd26 e-con-full e-flex e-con e-child\" data-id=\"353cd26\" data-element_type=\"container\">\n\t\t\t\t<div class=\"elementor-element elementor-element-1683921 elementor-view-stacked elementor-shape-circle elementor-position-top elementor-mobile-position-top elementor-widget elementor-widget-icon-box\" data-id=\"1683921\" data-element_type=\"widget\" data-widget_type=\"icon-box.default\">\n\t\t\t\t<div class=\"elementor-widget-container\">\n\t\t\t\t\t\t\t<div class=\"elementor-icon-box-wrapper\">\n\n\t\t\t\t\t\t<div class=\"elementor-icon-box-icon\">\n\t\t\t\t<span  class=\"elementor-icon\">\n\t\t\t\t<svg aria-hidden=\"true\" class=\"e-font-icon-svg e-fas-tag\" viewbox=\"0 0 512 512\" xmlns=\"http:\/\/www.w3.org\/2000\/svg\"><path d=\"M0 252.118V48C0 21.49 21.49 0 48 0h204.118a48 48 0 0 1 33.941 14.059l211.882 211.882c18.745 18.745 18.745 49.137 0 67.882L293.823 497.941c-18.745 18.745-49.137 18.745-67.882 0L14.059 286.059A48 48 0 0 1 0 252.118zM112 64c-26.51 0-48 21.49-48 48s21.49 48 48 48 48-21.49 48-48-21.49-48-48-48z\"><\/path><\/svg>\t\t\t\t<\/span>\n\t\t\t<\/div>\n\t\t\t\n\t\t\t\t\t\t<div class=\"elementor-icon-box-content\">\n\n\t\t\t\t\t\t\t\t\t<h4 class=\"elementor-icon-box-title\">\n\t\t\t\t\t\t<span  >\n\t\t\t\t\t\t\tCustomer focus\t\t\t\t\t\t<\/span>\n\t\t\t\t\t<\/h4>\n\t\t\t\t\n\t\t\t\t\t\t\t\t\t<p class=\"elementor-icon-box-description\">\n\t\t\t\t\t\tFlexible customer-friendly service that guarantees satisfied long-term cooperation.\t\t\t\t\t<\/p>\n\t\t\t\t\n\t\t\t<\/div>\n\t\t\t\n\t\t<\/div>\n\t\t\t\t\t\t<\/div>\n\t\t\t\t<\/div>\n\t\t\t\t<\/div>\n\t\t\t\t\t<\/div>\n\t\t\t\t<\/div>\n\t\t\t\t<\/div>\n\t\t\t\t\t<\/div>\n\t\t\t\t<\/div>\n\t\t\t\t<\/div>","protected":false},"excerpt":{"rendered":"<p>R\u00f3lunk C\u00e9g\u00fcnk r\u00f6vid bemutatkoz\u00f3ja. Tapasztalt \u00e9s szakk\u00e9pzett v\u00e1llalkoz\u00f3 T\u00f6bb mint 10 \u00e9ve dolgozom a villanyszerel\u00e9si szakm\u00e1ban. 2021-ben hoztam l\u00e9tre a saj\u00e1t csapatomat, hogy nagyobb projektekben is r\u00e9szt vehess\u00fcnk. Kezdetben 6 f\u0151vel indultunk, m\u00e1ra pedig m\u00e1r 100+ f\u0151s villanyszerel\u0151i csapatt\u00e1 fejl\u0151dt\u00fcnk. C\u00e9lunk a folyamatos n\u00f6veked\u00e9s, \u00e9s hogy minden munk\u00e1nkat a legmagasabb szakmai sz\u00ednvonalon, a legnagyobb odafigyel\u00e9ssel [&hellip;]<\/p>","protected":false},"author":1,"featured_media":0,"parent":0,"menu_order":0,"comment_status":"closed","ping_status":"closed","template":"","meta":{"site-sidebar-layout":"no-sidebar","site-content-layout":"page-builder","ast-site-content-layout":"full-width-container","site-content-style":"unboxed","site-sidebar-style":"unboxed","ast-global-header-display":"","ast-banner-title-visibility":"","ast-main-header-display":"","ast-hfb-above-header-display":"","ast-hfb-below-header-display":"","ast-hfb-mobile-header-display":"","site-post-title":"disabled","ast-breadcrumbs-content":"","ast-featured-img":"disabled","footer-sml-layout":"","theme-transparent-header-meta":"enabled","adv-header-id-meta":"","stick-header-meta":"","header-above-stick-meta":"","header-main-stick-meta":"","header-below-stick-meta":"","astra-migrate-meta-layouts":"set","ast-page-background-enabled":"default","ast-page-background-meta":{"desktop":{"background-color":"","background-image":"","background-repeat":"repeat","background-position":"center center","background-size":"auto","background-attachment":"scroll","background-type":"","background-media":"","overlay-type":"","overlay-color":"","overlay-opacity":"","overlay-gradient":""},"tablet":{"background-color":"","background-image":"","background-repeat":"repeat","background-position":"center center","background-size":"auto","background-attachment":"scroll","background-type":"","background-media":"","overlay-type":"","overlay-color":"","overlay-opacity":"","overlay-gradient":""},"mobile":{"background-color":"","background-image":"","background-repeat":"repeat","background-position":"center center","background-size":"auto","background-attachment":"scroll","background-type":"","background-media":"","overlay-type":"","overlay-color":"","overlay-opacity":"","overlay-gradient":""}},"ast-content-background-meta":{"desktop":{"background-color":"var(--ast-global-color-5)","background-image":"","background-repeat":"repeat","background-position":"center center","background-size":"auto","background-attachment":"scroll","background-type":"","background-media":"","overlay-type":"","overlay-color":"","overlay-opacity":"","overlay-gradient":""},"tablet":{"background-color":"var(--ast-global-color-5)","background-image":"","background-repeat":"repeat","background-position":"center center","background-size":"auto","background-attachment":"scroll","background-type":"","background-media":"","overlay-type":"","overlay-color":"","overlay-opacity":"","overlay-gradient":""},"mobile":{"background-color":"var(--ast-global-color-5)","background-image":"","background-repeat":"repeat","background-position":"center center","background-size":"auto","background-attachment":"scroll","background-type":"","background-media":"","overlay-type":"","overlay-color":"","overlay-opacity":"","overlay-gradient":""}},"footnotes":""},"class_list":["post-119","page","type-page","status-publish","hentry"],"yoast_head":"<!-- This site is optimized with the Yoast SEO plugin v24.4 - https:\/\/yoast.com\/wordpress\/plugins\/seo\/ -->\n<title>R\u00f3lunk - WanBuilding Kft.<\/title>\n<meta name=\"description\" content=\"Wanbuilding Kft. - Let&#039;s Build The Future Together!\" \/>\n<meta name=\"robots\" content=\"index, follow, max-snippet:-1, max-image-preview:large, max-video-preview:-1\" \/>\n<link rel=\"canonical\" href=\"https:\/\/wanbuilding.hu\/en\/about-us\/\" \/>\n<meta property=\"og:locale\" content=\"en_GB\" \/>\n<meta property=\"og:type\" content=\"article\" \/>\n<meta property=\"og:title\" content=\"R\u00f3lunk - WanBuilding Kft.\" \/>\n<meta property=\"og:description\" content=\"Wanbuilding Kft. - Let&#039;s Build The Future Together!\" \/>\n<meta property=\"og:url\" content=\"https:\/\/wanbuilding.hu\/en\/about-us\/\" \/>\n<meta property=\"og:site_name\" content=\"WanBuilding Kft.\" \/>\n<meta property=\"article:publisher\" content=\"https:\/\/www.facebook.com\/wanbaukft\" \/>\n<meta property=\"article:modified_time\" content=\"2025-02-17T23:24:26+00:00\" \/>\n<meta property=\"og:image\" content=\"https:\/\/wanbuilding.hu\/wp-content\/uploads\/elementor\/thumbs\/image7-r1n8mwfewkt7jpqg2fp25mlf76r2ukl7ew7arhulm2.jpg\" \/>\n<meta name=\"twitter:card\" content=\"summary_large_image\" \/>\n<meta name=\"twitter:label1\" content=\"Estimated reading time\" \/>\n\t<meta name=\"twitter:data1\" content=\"1 minute\" \/>\n<script type=\"application\/ld+json\" class=\"yoast-schema-graph\">{\"@context\":\"https:\/\/schema.org\",\"@graph\":[{\"@type\":\"WebPage\",\"@id\":\"https:\/\/wanbuilding.hu\/about-us\/\",\"url\":\"https:\/\/wanbuilding.hu\/about-us\/\",\"name\":\"R\u00f3lunk - WanBuilding Kft.\",\"isPartOf\":{\"@id\":\"https:\/\/wanbuilding.hu\/#website\"},\"primaryImageOfPage\":{\"@id\":\"https:\/\/wanbuilding.hu\/about-us\/#primaryimage\"},\"image\":{\"@id\":\"https:\/\/wanbuilding.hu\/about-us\/#primaryimage\"},\"thumbnailUrl\":\"https:\/\/wanbuilding.hu\/wp-content\/uploads\/elementor\/thumbs\/image7-r1n8mwfewkt7jpqg2fp25mlf76r2ukl7ew7arhulm2.jpg\",\"datePublished\":\"2025-01-07T10:20:53+00:00\",\"dateModified\":\"2025-02-17T23:24:26+00:00\",\"description\":\"Wanbuilding Kft. - Let's Build The Future Together!\",\"breadcrumb\":{\"@id\":\"https:\/\/wanbuilding.hu\/about-us\/#breadcrumb\"},\"inLanguage\":\"en-GB\",\"potentialAction\":[{\"@type\":\"ReadAction\",\"target\":[\"https:\/\/wanbuilding.hu\/about-us\/\"]}]},{\"@type\":\"ImageObject\",\"inLanguage\":\"en-GB\",\"@id\":\"https:\/\/wanbuilding.hu\/about-us\/#primaryimage\",\"url\":\"https:\/\/wanbuilding.hu\/wp-content\/uploads\/elementor\/thumbs\/image7-r1n8mwfewkt7jpqg2fp25mlf76r2ukl7ew7arhulm2.jpg\",\"contentUrl\":\"https:\/\/wanbuilding.hu\/wp-content\/uploads\/elementor\/thumbs\/image7-r1n8mwfewkt7jpqg2fp25mlf76r2ukl7ew7arhulm2.jpg\"},{\"@type\":\"BreadcrumbList\",\"@id\":\"https:\/\/wanbuilding.hu\/about-us\/#breadcrumb\",\"itemListElement\":[{\"@type\":\"ListItem\",\"position\":1,\"name\":\"Kezd\u0151lap\",\"item\":\"https:\/\/wanbuilding.hu\/\"},{\"@type\":\"ListItem\",\"position\":2,\"name\":\"R\u00f3lunk\"}]},{\"@type\":\"WebSite\",\"@id\":\"https:\/\/wanbuilding.hu\/#website\",\"url\":\"https:\/\/wanbuilding.hu\/\",\"name\":\"WanBuilding Kft.\",\"description\":\"Build the future together!\",\"publisher\":{\"@id\":\"https:\/\/wanbuilding.hu\/#organization\"},\"potentialAction\":[{\"@type\":\"SearchAction\",\"target\":{\"@type\":\"EntryPoint\",\"urlTemplate\":\"https:\/\/wanbuilding.hu\/?s={search_term_string}\"},\"query-input\":{\"@type\":\"PropertyValueSpecification\",\"valueRequired\":true,\"valueName\":\"search_term_string\"}}],\"inLanguage\":\"en-GB\"},{\"@type\":\"Organization\",\"@id\":\"https:\/\/wanbuilding.hu\/#organization\",\"name\":\"WanBuilding Kft.\",\"url\":\"https:\/\/wanbuilding.hu\/\",\"logo\":{\"@type\":\"ImageObject\",\"inLanguage\":\"en-GB\",\"@id\":\"https:\/\/wanbuilding.hu\/#\/schema\/logo\/image\/\",\"url\":\"https:\/\/wanbuilding.hu\/wp-content\/uploads\/2025\/02\/Eszkoz-4.png\",\"contentUrl\":\"https:\/\/wanbuilding.hu\/wp-content\/uploads\/2025\/02\/Eszkoz-4.png\",\"width\":366,\"height\":366,\"caption\":\"WanBuilding Kft.\"},\"image\":{\"@id\":\"https:\/\/wanbuilding.hu\/#\/schema\/logo\/image\/\"},\"sameAs\":[\"https:\/\/www.facebook.com\/wanbaukft\"]}]}<\/script>\n<!-- \/ Yoast SEO plugin. -->","yoast_head_json":{"title":"R\u00f3lunk - WanBuilding Kft.","description":"Wanbuilding Kft. - Let's Build The Future Together!","robots":{"index":"index","follow":"follow","max-snippet":"max-snippet:-1","max-image-preview":"max-image-preview:large","max-video-preview":"max-video-preview:-1"},"canonical":"https:\/\/wanbuilding.hu\/en\/about-us\/","og_locale":"en_GB","og_type":"article","og_title":"R\u00f3lunk - WanBuilding Kft.","og_description":"Wanbuilding Kft. - Let's Build The Future Together!","og_url":"https:\/\/wanbuilding.hu\/en\/about-us\/","og_site_name":"WanBuilding Kft.","article_publisher":"https:\/\/www.facebook.com\/wanbaukft","article_modified_time":"2025-02-17T23:24:26+00:00","og_image":[{"url":"https:\/\/wanbuilding.hu\/wp-content\/uploads\/elementor\/thumbs\/image7-r1n8mwfewkt7jpqg2fp25mlf76r2ukl7ew7arhulm2.jpg","type":"","width":"","height":""}],"twitter_card":"summary_large_image","twitter_misc":{"Estimated reading time":"1 minute"},"schema":{"@context":"https:\/\/schema.org","@graph":[{"@type":"WebPage","@id":"https:\/\/wanbuilding.hu\/about-us\/","url":"https:\/\/wanbuilding.hu\/about-us\/","name":"R\u00f3lunk - WanBuilding Kft.","isPartOf":{"@id":"https:\/\/wanbuilding.hu\/#website"},"primaryImageOfPage":{"@id":"https:\/\/wanbuilding.hu\/about-us\/#primaryimage"},"image":{"@id":"https:\/\/wanbuilding.hu\/about-us\/#primaryimage"},"thumbnailUrl":"https:\/\/wanbuilding.hu\/wp-content\/uploads\/elementor\/thumbs\/image7-r1n8mwfewkt7jpqg2fp25mlf76r2ukl7ew7arhulm2.jpg","datePublished":"2025-01-07T10:20:53+00:00","dateModified":"2025-02-17T23:24:26+00:00","description":"Wanbuilding Kft. - Let's Build The Future Together!","breadcrumb":{"@id":"https:\/\/wanbuilding.hu\/about-us\/#breadcrumb"},"inLanguage":"en-GB","potentialAction":[{"@type":"ReadAction","target":["https:\/\/wanbuilding.hu\/about-us\/"]}]},{"@type":"ImageObject","inLanguage":"en-GB","@id":"https:\/\/wanbuilding.hu\/about-us\/#primaryimage","url":"https:\/\/wanbuilding.hu\/wp-content\/uploads\/elementor\/thumbs\/image7-r1n8mwfewkt7jpqg2fp25mlf76r2ukl7ew7arhulm2.jpg","contentUrl":"https:\/\/wanbuilding.hu\/wp-content\/uploads\/elementor\/thumbs\/image7-r1n8mwfewkt7jpqg2fp25mlf76r2ukl7ew7arhulm2.jpg"},{"@type":"BreadcrumbList","@id":"https:\/\/wanbuilding.hu\/about-us\/#breadcrumb","itemListElement":[{"@type":"ListItem","position":1,"name":"Kezd\u0151lap","item":"https:\/\/wanbuilding.hu\/"},{"@type":"ListItem","position":2,"name":"R\u00f3lunk"}]},{"@type":"WebSite","@id":"https:\/\/wanbuilding.hu\/#website","url":"https:\/\/wanbuilding.hu\/","name":"WanBuilding Kft.","description":"Build the future together!","publisher":{"@id":"https:\/\/wanbuilding.hu\/#organization"},"potentialAction":[{"@type":"SearchAction","target":{"@type":"EntryPoint","urlTemplate":"https:\/\/wanbuilding.hu\/?s={search_term_string}"},"query-input":{"@type":"PropertyValueSpecification","valueRequired":true,"valueName":"search_term_string"}}],"inLanguage":"en-GB"},{"@type":"Organization","@id":"https:\/\/wanbuilding.hu\/#organization","name":"WanBuilding Kft.","url":"https:\/\/wanbuilding.hu\/","logo":{"@type":"ImageObject","inLanguage":"en-GB","@id":"https:\/\/wanbuilding.hu\/#\/schema\/logo\/image\/","url":"https:\/\/wanbuilding.hu\/wp-content\/uploads\/2025\/02\/Eszkoz-4.png","contentUrl":"https:\/\/wanbuilding.hu\/wp-content\/uploads\/2025\/02\/Eszkoz-4.png","width":366,"height":366,"caption":"WanBuilding Kft."},"image":{"@id":"https:\/\/wanbuilding.hu\/#\/schema\/logo\/image\/"},"sameAs":["https:\/\/www.facebook.com\/wanbaukft"]}]}},"_links":{"self":[{"href":"https:\/\/wanbuilding.hu\/en\/wp-json\/wp\/v2\/pages\/119","targetHints":{"allow":["GET"]}}],"collection":[{"href":"https:\/\/wanbuilding.hu\/en\/wp-json\/wp\/v2\/pages"}],"about":[{"href":"https:\/\/wanbuilding.hu\/en\/wp-json\/wp\/v2\/types\/page"}],"author":[{"embeddable":true,"href":"https:\/\/wanbuilding.hu\/en\/wp-json\/wp\/v2\/users\/1"}],"replies":[{"embeddable":true,"href":"https:\/\/wanbuilding.hu\/en\/wp-json\/wp\/v2\/comments?post=119"}],"version-history":[{"count":35,"href":"https:\/\/wanbuilding.hu\/en\/wp-json\/wp\/v2\/pages\/119\/revisions"}],"predecessor-version":[{"id":1340,"href":"https:\/\/wanbuilding.hu\/en\/wp-json\/wp\/v2\/pages\/119\/revisions\/1340"}],"wp:attachment":[{"href":"https:\/\/wanbuilding.hu\/en\/wp-json\/wp\/v2\/media?parent=119"}],"curies":[{"name":"wp","href":"https:\/\/api.w.org\/{rel}","templated":true}]}}