{"id":1216,"date":"2025-02-13T21:29:11","date_gmt":"2025-02-13T21:29:11","guid":{"rendered":"https:\/\/wanbuilding.hu\/?page_id=1216"},"modified":"2025-02-16T23:54:08","modified_gmt":"2025-02-16T23:54:08","slug":"impresszum","status":"publish","type":"page","link":"https:\/\/wanbuilding.hu\/en\/impresszum\/","title":{"rendered":"Imprint"},"content":{"rendered":"<div data-elementor-type=\"wp-page\" data-elementor-id=\"1216\" class=\"elementor elementor-1216\">\n\t\t\t\t<div class=\"elementor-element elementor-element-4fee39b7 e-flex e-con-boxed e-con e-parent\" data-id=\"4fee39b7\" data-element_type=\"container\">\n\t\t\t\t\t<div class=\"e-con-inner\">\n\t\t<div class=\"elementor-element elementor-element-45503f2 e-con-full e-flex e-con e-child\" data-id=\"45503f2\" data-element_type=\"container\" data-settings=\"{&quot;background_background&quot;:&quot;classic&quot;}\">\n\t\t\t\t<div class=\"elementor-element elementor-element-77748514 elementor-widget elementor-widget-text-editor\" data-id=\"77748514\" data-element_type=\"widget\" data-widget_type=\"text-editor.default\">\n\t\t\t\t<div class=\"elementor-widget-container\">\n\t\t\t\t\t\t\t\t\t<h5>V\u00e1llalkoz\u00e1s adatai:<\/h5><p>C\u00e9gn\u00e9v: Wanbuilding Kft.<br \/>Sz\u00e9khely: 1068 Budapest, Kir\u00e1ly utca 80. fszt. 11.<br \/>Levelez\u00e9si c\u00edm: 1068 Budapest, Kir\u00e1ly utca 80. fszt. 11.<br \/>Ad\u00f3sz\u00e1m: 29038602-2-42<br \/>A c\u00e9get bejegyz\u0151 hat\u00f3s\u00e1g: L\u00e1z\u00e1r \u00fcgyv\u00e9di iroda<br \/>Hat\u00f3s\u00e1gi enged\u00e9ly sz\u00e1ma: 36064444<br \/>Kamara: Budapesti Kereskedelmi \u00e9s Iparkamara <br \/>Telefonsz\u00e1m: +36 70 532 4862<br \/>E-mail: info@wanbuilding.hu<\/p><h5>T\u00e1rhelyszolg\u00e1ltat\u00f3 adatai:<\/h5><p>C\u00e9gn\u00e9v: Servergarden Kft.<br \/>C\u00edm: 1139 Budapest, V\u00e1ci \u00fat 99-105. Balance Building \u00e9p. 3. em.<br \/>Telefonsz\u00e1m: <br \/>E-mail: info@servergarden.hu<\/p>\t\t\t\t\t\t\t\t<\/div>\n\t\t\t\t<\/div>\n\t\t\t\t<\/div>\n\t\t\t\t\t<\/div>\n\t\t\t\t<\/div>\n\t\t\t\t<\/div>","protected":false},"excerpt":{"rendered":"<p>V\u00e1llalkoz\u00e1s adatai: C\u00e9gn\u00e9v: Wanbuilding Kft.Sz\u00e9khely: 1068 Budapest, Kir\u00e1ly utca 80. fszt. 11.Levelez\u00e9si c\u00edm: 1068 Budapest, Kir\u00e1ly utca 80. fszt. 11.Ad\u00f3sz\u00e1m: 29038602-2-42A c\u00e9get bejegyz\u0151 hat\u00f3s\u00e1g: L\u00e1z\u00e1r \u00fcgyv\u00e9di irodaHat\u00f3s\u00e1gi enged\u00e9ly sz\u00e1ma: 36064444Kamara: Budapesti Kereskedelmi \u00e9s Iparkamara Telefonsz\u00e1m: +36 70 532 4862E-mail: info@wanbuilding.hu T\u00e1rhelyszolg\u00e1ltat\u00f3 adatai: C\u00e9gn\u00e9v: Servergarden Kft.C\u00edm: 1139 Budapest, V\u00e1ci \u00fat 99-105. Balance Building \u00e9p. 3. em.Telefonsz\u00e1m: [&hellip;]<\/p>","protected":false},"author":1,"featured_media":0,"parent":0,"menu_order":0,"comment_status":"closed","ping_status":"closed","template":"","meta":{"site-sidebar-layout":"no-sidebar","site-content-layout":"page-builder","ast-site-content-layout":"full-width-container","site-content-style":"default","site-sidebar-style":"default","ast-global-header-display":"","ast-banner-title-visibility":"","ast-main-header-display":"","ast-hfb-above-header-display":"","ast-hfb-below-header-display":"","ast-hfb-mobile-header-display":"","site-post-title":"disabled","ast-breadcrumbs-content":"","ast-featured-img":"disabled","footer-sml-layout":"","theme-transparent-header-meta":"","adv-header-id-meta":"","stick-header-meta":"","header-above-stick-meta":"","header-main-stick-meta":"","header-below-stick-meta":"","astra-migrate-meta-layouts":"set","ast-page-background-enabled":"default","ast-page-background-meta":{"desktop":{"background-color":"","background-image":"","background-repeat":"repeat","background-position":"center center","background-size":"auto","background-attachment":"scroll","background-type":"","background-media":"","overlay-type":"","overlay-color":"","overlay-opacity":"","overlay-gradient":""},"tablet":{"background-color":"","background-image":"","background-repeat":"repeat","background-position":"center center","background-size":"auto","background-attachment":"scroll","background-type":"","background-media":"","overlay-type":"","overlay-color":"","overlay-opacity":"","overlay-gradient":""},"mobile":{"background-color":"","background-image":"","background-repeat":"repeat","background-position":"center center","background-size":"auto","background-attachment":"scroll","background-type":"","background-media":"","overlay-type":"","overlay-color":"","overlay-opacity":"","overlay-gradient":""}},"ast-content-background-meta":{"desktop":{"background-color":"var(--ast-global-color-5)","background-image":"","background-repeat":"repeat","background-position":"center center","background-size":"auto","background-attachment":"scroll","background-type":"","background-media":"","overlay-type":"","overlay-color":"","overlay-opacity":"","overlay-gradient":""},"tablet":{"background-color":"var(--ast-global-color-5)","background-image":"","background-repeat":"repeat","background-position":"center center","background-size":"auto","background-attachment":"scroll","background-type":"","background-media":"","overlay-type":"","overlay-color":"","overlay-opacity":"","overlay-gradient":""},"mobile":{"background-color":"var(--ast-global-color-5)","background-image":"","background-repeat":"repeat","background-position":"center center","background-size":"auto","background-attachment":"scroll","background-type":"","background-media":"","overlay-type":"","overlay-color":"","overlay-opacity":"","overlay-gradient":""}},"footnotes":""},"class_list":["post-1216","page","type-page","status-publish","hentry"],"yoast_head":"<!-- This site is optimized with the Yoast SEO plugin v24.4 - https:\/\/yoast.com\/wordpress\/plugins\/seo\/ -->\n<title>Impresszum - WanBuilding Kft.<\/title>\n<meta name=\"description\" content=\"Wanbuilding Kft. - Let&#039;s Build The Future Together!\" \/>\n<meta name=\"robots\" content=\"index, follow, max-snippet:-1, max-image-preview:large, max-video-preview:-1\" \/>\n<link rel=\"canonical\" href=\"https:\/\/wanbuilding.hu\/en\/impresszum\/\" \/>\n<meta property=\"og:locale\" content=\"en_GB\" \/>\n<meta property=\"og:type\" content=\"article\" \/>\n<meta property=\"og:title\" content=\"Impresszum - WanBuilding Kft.\" \/>\n<meta property=\"og:description\" content=\"Wanbuilding Kft. - Let&#039;s Build The Future Together!\" \/>\n<meta property=\"og:url\" content=\"https:\/\/wanbuilding.hu\/en\/impresszum\/\" \/>\n<meta property=\"og:site_name\" content=\"WanBuilding Kft.\" \/>\n<meta property=\"article:publisher\" content=\"https:\/\/www.facebook.com\/wanbaukft\" \/>\n<meta property=\"article:modified_time\" content=\"2025-02-16T23:54:08+00:00\" \/>\n<meta name=\"twitter:card\" content=\"summary_large_image\" \/>\n<script type=\"application\/ld+json\" class=\"yoast-schema-graph\">{\"@context\":\"https:\/\/schema.org\",\"@graph\":[{\"@type\":\"WebPage\",\"@id\":\"https:\/\/wanbuilding.hu\/impresszum\/\",\"url\":\"https:\/\/wanbuilding.hu\/impresszum\/\",\"name\":\"Impresszum - WanBuilding Kft.\",\"isPartOf\":{\"@id\":\"https:\/\/wanbuilding.hu\/#website\"},\"datePublished\":\"2025-02-13T21:29:11+00:00\",\"dateModified\":\"2025-02-16T23:54:08+00:00\",\"description\":\"Wanbuilding Kft. - Let's Build The Future Together!\",\"breadcrumb\":{\"@id\":\"https:\/\/wanbuilding.hu\/impresszum\/#breadcrumb\"},\"inLanguage\":\"en-GB\",\"potentialAction\":[{\"@type\":\"ReadAction\",\"target\":[\"https:\/\/wanbuilding.hu\/impresszum\/\"]}]},{\"@type\":\"BreadcrumbList\",\"@id\":\"https:\/\/wanbuilding.hu\/impresszum\/#breadcrumb\",\"itemListElement\":[{\"@type\":\"ListItem\",\"position\":1,\"name\":\"Kezd\u0151lap\",\"item\":\"https:\/\/wanbuilding.hu\/\"},{\"@type\":\"ListItem\",\"position\":2,\"name\":\"Impresszum\"}]},{\"@type\":\"WebSite\",\"@id\":\"https:\/\/wanbuilding.hu\/#website\",\"url\":\"https:\/\/wanbuilding.hu\/\",\"name\":\"WanBuilding Kft.\",\"description\":\"Build the future together!\",\"publisher\":{\"@id\":\"https:\/\/wanbuilding.hu\/#organization\"},\"potentialAction\":[{\"@type\":\"SearchAction\",\"target\":{\"@type\":\"EntryPoint\",\"urlTemplate\":\"https:\/\/wanbuilding.hu\/?s={search_term_string}\"},\"query-input\":{\"@type\":\"PropertyValueSpecification\",\"valueRequired\":true,\"valueName\":\"search_term_string\"}}],\"inLanguage\":\"en-GB\"},{\"@type\":\"Organization\",\"@id\":\"https:\/\/wanbuilding.hu\/#organization\",\"name\":\"WanBuilding Kft.\",\"url\":\"https:\/\/wanbuilding.hu\/\",\"logo\":{\"@type\":\"ImageObject\",\"inLanguage\":\"en-GB\",\"@id\":\"https:\/\/wanbuilding.hu\/#\/schema\/logo\/image\/\",\"url\":\"https:\/\/wanbuilding.hu\/wp-content\/uploads\/2025\/02\/Eszkoz-4.png\",\"contentUrl\":\"https:\/\/wanbuilding.hu\/wp-content\/uploads\/2025\/02\/Eszkoz-4.png\",\"width\":366,\"height\":366,\"caption\":\"WanBuilding Kft.\"},\"image\":{\"@id\":\"https:\/\/wanbuilding.hu\/#\/schema\/logo\/image\/\"},\"sameAs\":[\"https:\/\/www.facebook.com\/wanbaukft\"]}]}<\/script>\n<!-- \/ Yoast SEO plugin. -->","yoast_head_json":{"title":"Impresszum - WanBuilding Kft.","description":"Wanbuilding Kft. - Let's Build The Future Together!","robots":{"index":"index","follow":"follow","max-snippet":"max-snippet:-1","max-image-preview":"max-image-preview:large","max-video-preview":"max-video-preview:-1"},"canonical":"https:\/\/wanbuilding.hu\/en\/impresszum\/","og_locale":"en_GB","og_type":"article","og_title":"Impresszum - WanBuilding Kft.","og_description":"Wanbuilding Kft. - Let's Build The Future Together!","og_url":"https:\/\/wanbuilding.hu\/en\/impresszum\/","og_site_name":"WanBuilding Kft.","article_publisher":"https:\/\/www.facebook.com\/wanbaukft","article_modified_time":"2025-02-16T23:54:08+00:00","twitter_card":"summary_large_image","schema":{"@context":"https:\/\/schema.org","@graph":[{"@type":"WebPage","@id":"https:\/\/wanbuilding.hu\/impresszum\/","url":"https:\/\/wanbuilding.hu\/impresszum\/","name":"Impresszum - WanBuilding Kft.","isPartOf":{"@id":"https:\/\/wanbuilding.hu\/#website"},"datePublished":"2025-02-13T21:29:11+00:00","dateModified":"2025-02-16T23:54:08+00:00","description":"Wanbuilding Kft. - Let's Build The Future Together!","breadcrumb":{"@id":"https:\/\/wanbuilding.hu\/impresszum\/#breadcrumb"},"inLanguage":"en-GB","potentialAction":[{"@type":"ReadAction","target":["https:\/\/wanbuilding.hu\/impresszum\/"]}]},{"@type":"BreadcrumbList","@id":"https:\/\/wanbuilding.hu\/impresszum\/#breadcrumb","itemListElement":[{"@type":"ListItem","position":1,"name":"Kezd\u0151lap","item":"https:\/\/wanbuilding.hu\/"},{"@type":"ListItem","position":2,"name":"Impresszum"}]},{"@type":"WebSite","@id":"https:\/\/wanbuilding.hu\/#website","url":"https:\/\/wanbuilding.hu\/","name":"WanBuilding Kft.","description":"Build the future together!","publisher":{"@id":"https:\/\/wanbuilding.hu\/#organization"},"potentialAction":[{"@type":"SearchAction","target":{"@type":"EntryPoint","urlTemplate":"https:\/\/wanbuilding.hu\/?s={search_term_string}"},"query-input":{"@type":"PropertyValueSpecification","valueRequired":true,"valueName":"search_term_string"}}],"inLanguage":"en-GB"},{"@type":"Organization","@id":"https:\/\/wanbuilding.hu\/#organization","name":"WanBuilding Kft.","url":"https:\/\/wanbuilding.hu\/","logo":{"@type":"ImageObject","inLanguage":"en-GB","@id":"https:\/\/wanbuilding.hu\/#\/schema\/logo\/image\/","url":"https:\/\/wanbuilding.hu\/wp-content\/uploads\/2025\/02\/Eszkoz-4.png","contentUrl":"https:\/\/wanbuilding.hu\/wp-content\/uploads\/2025\/02\/Eszkoz-4.png","width":366,"height":366,"caption":"WanBuilding Kft."},"image":{"@id":"https:\/\/wanbuilding.hu\/#\/schema\/logo\/image\/"},"sameAs":["https:\/\/www.facebook.com\/wanbaukft"]}]}},"_links":{"self":[{"href":"https:\/\/wanbuilding.hu\/en\/wp-json\/wp\/v2\/pages\/1216","targetHints":{"allow":["GET"]}}],"collection":[{"href":"https:\/\/wanbuilding.hu\/en\/wp-json\/wp\/v2\/pages"}],"about":[{"href":"https:\/\/wanbuilding.hu\/en\/wp-json\/wp\/v2\/types\/page"}],"author":[{"embeddable":true,"href":"https:\/\/wanbuilding.hu\/en\/wp-json\/wp\/v2\/users\/1"}],"replies":[{"embeddable":true,"href":"https:\/\/wanbuilding.hu\/en\/wp-json\/wp\/v2\/comments?post=1216"}],"version-history":[{"count":10,"href":"https:\/\/wanbuilding.hu\/en\/wp-json\/wp\/v2\/pages\/1216\/revisions"}],"predecessor-version":[{"id":1267,"href":"https:\/\/wanbuilding.hu\/en\/wp-json\/wp\/v2\/pages\/1216\/revisions\/1267"}],"wp:attachment":[{"href":"https:\/\/wanbuilding.hu\/en\/wp-json\/wp\/v2\/media?parent=1216"}],"curies":[{"name":"wp","href":"https:\/\/api.w.org\/{rel}","templated":true}]}}